{"id":7,"date":"2012-05-17T12:58:11","date_gmt":"2012-05-17T11:58:11","guid":{"rendered":"http:\/\/www.padesignart.com\/paris\/?page_id=7"},"modified":"2025-06-03T11:54:26","modified_gmt":"2025-06-03T10:54:26","slug":"paris","status":"publish","type":"page","link":"https:\/\/www.padesignart.com\/fr\/paris\/","title":{"rendered":"Paris"},"content":{"rendered":"<p class=\"has-text-align-center\">Le PAD, 1<sup>er<\/sup> salon de Design cr\u00e9\u00e9 au monde en 1998, est l\u2019\u00e9v\u00e9nement fondateur et incontournable pour les collectionneurs internationaux de Design.<\/p>\n\n\n\n<p class=\"has-text-align-center\">Il reste toujours, apr\u00e8s 28 \u00e9ditions, le plus important.<\/p>\n\n\n\n<p class=\"has-text-align-center\">Il regroupe les meilleures galeries internationales et fran\u00e7aises de Design Historique, et Contemporain.<\/p>\n\n\n\n<p class=\"has-text-align-center\">Le PAD discerne les aspirations esth\u00e9tiques et plastiques de son \u00e9poque, et offre le meilleur du Design dans un d\u00e9cor sans cesse renouvel\u00e9.<\/p>\n\n\n\n<p class=\"has-text-align-center\">Chaque \u00e9dition est une \u00e9volution qui fait na\u00eetre \u00e0 la vue du visiteur un dialogue in\u00e9dit entre les sp\u00e9cialit\u00e9s Historique et Contemporaine.<\/p>\n\n\n\n<p class=\"has-text-align-center\">Le PAD a affirm\u00e9, au cours des ann\u00e9es, une personnalit\u00e9 et un point de vue unique sur l\u2019Art de Vivre et de Collectionner.<\/p>","protected":false},"excerpt":{"rendered":"<p>Le PAD, 1er salon de Design cr\u00e9\u00e9 au monde en 1998, est l\u2019\u00e9v\u00e9nement fondateur et incontournable pour les collectionneurs internationaux de Design. Il reste toujours, apr\u00e8s 23 \u00e9ditions, le plus important. Il regroupe les meilleures galeries internationales et fran\u00e7aises de Design historique, moderne et contemporain.<\/p>\n","protected":false},"author":1,"featured_media":0,"parent":0,"menu_order":2,"comment_status":"closed","ping_status":"closed","template":"template-fair-home.php","meta":{"_acf_changed":false,"footnotes":""},"class_list":["post-7","page","type-page","status-publish","hentry","pad_fair-paris"],"acf":{"padFair":153},"aioseo_notices":[],"_links":{"self":[{"href":"https:\/\/www.padesignart.com\/fr\/wp-json\/wp\/v2\/pages\/7","targetHints":{"allow":["GET"]}}],"collection":[{"href":"https:\/\/www.padesignart.com\/fr\/wp-json\/wp\/v2\/pages"}],"about":[{"href":"https:\/\/www.padesignart.com\/fr\/wp-json\/wp\/v2\/types\/page"}],"author":[{"embeddable":true,"href":"https:\/\/www.padesignart.com\/fr\/wp-json\/wp\/v2\/users\/1"}],"replies":[{"embeddable":true,"href":"https:\/\/www.padesignart.com\/fr\/wp-json\/wp\/v2\/comments?post=7"}],"version-history":[{"count":42,"href":"https:\/\/www.padesignart.com\/fr\/wp-json\/wp\/v2\/pages\/7\/revisions"}],"predecessor-version":[{"id":28531,"href":"https:\/\/www.padesignart.com\/fr\/wp-json\/wp\/v2\/pages\/7\/revisions\/28531"}],"acf:term":[{"embeddable":true,"taxonomy":"pad_fair","href":"https:\/\/www.padesignart.com\/fr\/wp-json\/wp\/v2\/pad_fair\/153"}],"wp:attachment":[{"href":"https:\/\/www.padesignart.com\/fr\/wp-json\/wp\/v2\/media?parent=7"}],"curies":[{"name":"wp","href":"https:\/\/api.w.org\/{rel}","templated":true}]}}