{"id":405,"date":"2012-07-16T15:23:00","date_gmt":"2012-07-16T14:23:00","guid":{"rendered":"http:\/\/www.padesignart.com\/paris\/?page_id=405"},"modified":"2025-09-11T11:35:31","modified_gmt":"2025-09-11T10:35:31","slug":"selection-committee","status":"publish","type":"page","link":"https:\/\/www.padesignart.com\/fr\/paris\/selection-committee\/","title":{"rendered":"Comit\u00e9 de S\u00e9lection"},"content":{"rendered":"<div class=\"wp-block-group\"><div class=\"wp-block-group__inner-container\">\n<div class=\"wp-block-group\"><div class=\"wp-block-group__inner-container\">\n<div class=\"wp-block-group\" style=\"padding-top:0px;padding-right:0px;padding-bottom:0px;padding-left:0px;font-size:14px\"><div class=\"wp-block-group__inner-container\">\n<div class=\"wp-block-group\"><div class=\"wp-block-group__inner-container\">\n<p>Compos\u00e9 de marchands connus et reconnus, chacun dans leur sp\u00e9cialit\u00e9, le comit\u00e9 examine les nouvelles candidatures selon les crit\u00e8res de provenance, de qualit\u00e9 et d&rsquo;excellence esth\u00e9tique qui fondent la r\u00e9putation du PAD.<br><br>Repr\u00e9sentant les perspectives et l&rsquo;expertise uniques des exposants, le comit\u00e9 de s\u00e9lection conseille les organisateurs sur les derni\u00e8res tendances et \u00e9volutions du march\u00e9 de l&rsquo;art. Dans des circonstances exceptionnelles, sur demande des organisateurs, le comit\u00e9 de s\u00e9lection peut \u00eatre amen\u00e9 \u00e0 \u00e9clairer ses choix par un vote.<\/p>\n<\/div><\/div>\n<\/div><\/div>\n<\/div><\/div>\n<\/div><\/div>","protected":false},"excerpt":{"rendered":"<p>Compos\u00e9 de marchands connus et reconnus, chacun dans leur sp\u00e9cialit\u00e9, le comit\u00e9 examine les nouvelles candidatures selon les crit\u00e8res de provenance, de qualit\u00e9 et d&rsquo;excellence esth\u00e9tique qui fondent la r\u00e9putation du PAD. Repr\u00e9sentant les perspectives et l&rsquo;expertise uniques des exposants, le comit\u00e9 de s\u00e9lection conseille les organisateurs sur les derni\u00e8res tendances et \u00e9volutions du march\u00e9 [&hellip;]<\/p>\n","protected":false},"author":1,"featured_media":0,"parent":7,"menu_order":6,"comment_status":"closed","ping_status":"closed","template":"template-committee.php","meta":{"_acf_changed":false,"footnotes":""},"class_list":["post-405","page","type-page","status-publish","hentry","pad_fair-paris"],"acf":{"padFair":153},"aioseo_notices":[],"_links":{"self":[{"href":"https:\/\/www.padesignart.com\/fr\/wp-json\/wp\/v2\/pages\/405","targetHints":{"allow":["GET"]}}],"collection":[{"href":"https:\/\/www.padesignart.com\/fr\/wp-json\/wp\/v2\/pages"}],"about":[{"href":"https:\/\/www.padesignart.com\/fr\/wp-json\/wp\/v2\/types\/page"}],"author":[{"embeddable":true,"href":"https:\/\/www.padesignart.com\/fr\/wp-json\/wp\/v2\/users\/1"}],"replies":[{"embeddable":true,"href":"https:\/\/www.padesignart.com\/fr\/wp-json\/wp\/v2\/comments?post=405"}],"version-history":[{"count":15,"href":"https:\/\/www.padesignart.com\/fr\/wp-json\/wp\/v2\/pages\/405\/revisions"}],"predecessor-version":[{"id":29052,"href":"https:\/\/www.padesignart.com\/fr\/wp-json\/wp\/v2\/pages\/405\/revisions\/29052"}],"up":[{"embeddable":true,"href":"https:\/\/www.padesignart.com\/fr\/wp-json\/wp\/v2\/pages\/7"}],"acf:term":[{"embeddable":true,"taxonomy":"pad_fair","href":"https:\/\/www.padesignart.com\/fr\/wp-json\/wp\/v2\/pad_fair\/153"}],"wp:attachment":[{"href":"https:\/\/www.padesignart.com\/fr\/wp-json\/wp\/v2\/media?parent=405"}],"curies":[{"name":"wp","href":"https:\/\/api.w.org\/{rel}","templated":true}]}}