{"id":292,"date":"2012-07-05T14:57:18","date_gmt":"2012-07-05T13:57:18","guid":{"rendered":"http:\/\/www.padesignart.com\/paris\/?page_id=292"},"modified":"2025-12-01T14:32:22","modified_gmt":"2025-12-01T14:32:22","slug":"application-form","status":"publish","type":"page","link":"https:\/\/www.padesignart.com\/fr\/about\/application-form\/","title":{"rendered":"Demande de Participation"},"content":{"rendered":"<p>Si vous souhaitez participer au PAD, nous vous invitons \u00e0 compl\u00e9ter le formulaire ci-dessous. Il sera transmis au Comit\u00e9 de S\u00e9lection pour examen et nous reviendrons vers vous par la suite. Merci de noter que le d\u00e9p\u00f4t d\u2019une candidature ne garantit pas la participation.<\/p>\n\n\n\n<div class=\"wp-block-group application-form\"><div class=\"wp-block-group__inner-container\"><div class='fluentform ff-default fluentform_wrapper_3  ff_guten_block ff_guten_block-3 ffs_default_wrap'><form data-form_id=\"3\" id=\"fluentform_3\" class=\"frm-fluent-form fluent_form_3 ff-el-form-top ff_form_instance_3_2 ff-form-loading ffs_default\" data-form_instance=\"ff_form_instance_3_2\" method=\"POST\" ><fieldset  style=\"border: none!important;margin: 0!important;padding: 0!important;background-color: transparent!important;box-shadow: none!important;outline: none!important; min-inline-size: 100%;\">\n                    <legend class=\"ff_screen_reader_title\" style=\"display: block; margin: 0!important;padding: 0!important;height: 0!important;text-indent: -999999px;width: 0!important;overflow:hidden;\">Exhibitor Application FR<\/legend>        <div\n                style=\"display: none!important; position: absolute!important; transform: translateX(1000%)!important;\"\n                class=\"ff-el-group ff-hpsf-container\"\n        >\n            <div class=\"ff-el-input--label asterisk-right\">\n                <label for=\"ff_3_item_sf\" aria-label=\"Contact\">\n                    Contact                <\/label>\n            <\/div>\n            <div class=\"ff-el-input--content\">\n                <input type=\"text\"\n                       name=\"item_3__fluent_sf\"\n                       class=\"ff-el-form-control\"\n                       id=\"ff_3_item_sf\"\n                \/>\n            <\/div>\n        <\/div>\n        <input type='hidden' name='__fluent_form_embded_post_id' value='292' \/><input type=\"hidden\" id=\"_fluentform_3_fluentformnonce\" name=\"_fluentform_3_fluentformnonce\" value=\"80f845e4ac\" \/><input type=\"hidden\" name=\"_wp_http_referer\" value=\"\/fr\/wp-json\/wp\/v2\/pages\/292\" \/><div class='ff-el-group'><div class=\"ff-el-input--label ff-el-is-required asterisk-right\"><label for='ff_3_2_category' id='label_ff_3_2_category' aria-label=\"Sp\u00e9cialit\u00e9\">Sp\u00e9cialit\u00e9<\/label><\/div><div class='ff-el-input--content'><select name=\"category\" id=\"ff_3_2_category\" class=\"ff-el-form-control\" data-name=\"category\" data-calc_value=\"0\"  aria-invalid=\"false\" aria-required=\"true\" aria-labelledby=\"label_ff_3_2_category\"><option value=\"\">&#8211; S\u00e9lectionner &#8211;<\/option><option value=\"Design Contemporain\"  >Design Contemporain<\/option><option value=\"Design Historique\"  >Design Historique<\/option><option value=\"Art Moderne\"  >Art Moderne<\/option><option value=\"Artiste Bijoutier\"  >Artiste Bijoutier<\/option><option value=\"Art Primitif\"  >Art Primitif<\/option><option value=\"C\u00e9ramique Historique ou Contemporaine\"  >C\u00e9ramique Historique ou Contemporaine<\/option><\/select><\/div><\/div><div class='ff-el-group'><div class=\"ff-el-input--label ff-el-is-required asterisk-right\"><label for='ff_3_2_Gallery_Name' id='label_ff_3_2_Gallery_Name' aria-label=\"Nom de la Galerie\">Nom de la Galerie<\/label><\/div><div class='ff-el-input--content'><input type=\"text\" name=\"Gallery_Name\" class=\"ff-el-form-control\" data-name=\"Gallery_Name\" id=\"ff_3_2_Gallery_Name\"  aria-invalid=\"false\" aria-required=true><\/div><\/div><div class='ff-el-group'><div class=\"ff-el-input--label ff-el-is-required asterisk-right\"><label for='ff_3_2_Contact_Person' id='label_ff_3_2_Contact_Person' aria-label=\"Personne \u00e0 contacter\">Personne \u00e0 contacter<\/label><\/div><div class='ff-el-input--content'><input type=\"text\" name=\"Contact_Person\" class=\"ff-el-form-control\" data-name=\"Contact_Person\" id=\"ff_3_2_Contact_Person\"  aria-invalid=\"false\" aria-required=true><\/div><\/div><div class='ff-el-group'><div class=\"ff-el-input--label ff-el-is-required asterisk-right\"><label for='ff_3_2_Main_Gallery_Address' id='label_ff_3_2_Main_Gallery_Address' aria-label=\"Adresse principale de la galerie\">Adresse principale de la galerie<\/label><\/div><div class='ff-el-input--content'><input type=\"text\" name=\"Main_Gallery_Address\" class=\"ff-el-form-control\" data-name=\"Main_Gallery_Address\" id=\"ff_3_2_Main_Gallery_Address\"  aria-invalid=\"false\" aria-required=true><\/div><\/div><div data-name=\"ff_cn_id_1\"  class='ff-t-container ff-column-container ff_columns_total_2 '><div class='ff-t-cell ff-t-column-1' style='flex-basis: 50%;'><div class='ff-el-group'><div class=\"ff-el-input--label ff-el-is-required asterisk-right\"><label for='ff_3_2_Postal_Code' id='label_ff_3_2_Postal_Code' aria-label=\"Code Postal\">Code Postal<\/label><\/div><div class='ff-el-input--content'><input type=\"text\" name=\"Postal_Code\" class=\"ff-el-form-control\" data-name=\"Postal_Code\" id=\"ff_3_2_Postal_Code\"  aria-invalid=\"false\" aria-required=true><\/div><\/div><\/div><div class='ff-t-cell ff-t-column-2' style='flex-basis: 50%;'><div class='ff-el-group'><div class=\"ff-el-input--label ff-el-is-required asterisk-right\"><label for='ff_3_2_Countries' id='label_ff_3_2_Countries' aria-label=\"Pays\">Pays<\/label><\/div><div class='ff-el-input--content'><input type=\"text\" name=\"Countries\" class=\"ff-el-form-control\" data-name=\"Countries\" id=\"ff_3_2_Countries\"  aria-invalid=\"false\" aria-required=true><\/div><\/div><\/div><\/div><div class='ff-el-group'><div class=\"ff-el-input--label ff-el-is-required asterisk-right\"><label for='ff_3_2_Mobile_Number' id='label_ff_3_2_Mobile_Number' aria-label=\"Num\u00e9ro de T\u00e9l\u00e9phone\">Num\u00e9ro de T\u00e9l\u00e9phone<\/label><\/div><div class='ff-el-input--content'><input type=\"text\" name=\"Mobile_Number\" class=\"ff-el-form-control\" data-name=\"Mobile_Number\" id=\"ff_3_2_Mobile_Number\"  aria-invalid=\"false\" aria-required=true><\/div><\/div><div class='ff-el-group'><div class=\"ff-el-input--label ff-el-is-required asterisk-right\"><label for='ff_3_2_email' id='label_ff_3_2_email' aria-label=\"Email\">Email<\/label><\/div><div class='ff-el-input--content'><input type=\"email\" name=\"email\" id=\"ff_3_2_email\" class=\"ff-el-form-control\" placeholder=\"Email\" data-name=\"email\"  aria-invalid=\"false\" aria-required=true><\/div><\/div><div class='ff-el-group'><div class=\"ff-el-input--label ff-el-is-required asterisk-right\"><label for='ff_3_2_Website' id='label_ff_3_2_Website' aria-label=\"Site internet\">Site internet<\/label><\/div><div class='ff-el-input--content'><input type=\"url\" name=\"Website\" class=\"ff-el-form-control\" data-name=\"Website\" id=\"ff_3_2_Website\"  aria-invalid=\"false\" aria-required=true><\/div><\/div><div class='ff-el-group'><div class=\"ff-el-input--label ff-el-is-required asterisk-right\"><label for='ff_3_2_References' id='label_ff_3_2_References' aria-label=\"R\u00e9f\u00e9rences\">R\u00e9f\u00e9rences<\/label><\/div><div class='ff-el-input--content'><textarea aria-required=\"true\" aria-labelledby=\"label_ff_3_2_References\" name=\"References\" id=\"ff_3_2_References\" class=\"ff-el-form-control\" rows=\"3\" cols=\"2\" data-name=\"References\" ><\/textarea><\/div><\/div><div class='ff-el-group'><div class=\"ff-el-input--label ff-el-is-required asterisk-right\"><label for='ff_3_2_Other_fairs' id='label_ff_3_2_Other_fairs' aria-label=\"Autres foires auxquelles vous participez\">Autres foires auxquelles vous participez<\/label><\/div><div class='ff-el-input--content'><textarea aria-required=\"true\" aria-labelledby=\"label_ff_3_2_Other_fairs\" name=\"Other_fairs\" id=\"ff_3_2_Other_fairs\" class=\"ff-el-form-control\" rows=\"3\" cols=\"2\" data-name=\"Other_fairs\" ><\/textarea><\/div><\/div><div class='ff-el-group'><div class=\"ff-el-input--label ff-el-is-required asterisk-right\"><label for='ff_3_2_what_exhibiting' id='label_ff_3_2_what_exhibiting' aria-label=\"Qu\u2019envisagez-vous de montrer au PAD?\">Qu\u2019envisagez-vous de montrer au PAD? <\/label><\/div><div class='ff-el-input--content'><textarea aria-required=\"true\" aria-labelledby=\"label_ff_3_2_what_exhibiting\" name=\"what_exhibiting\" id=\"ff_3_2_what_exhibiting\" class=\"ff-el-form-control\" rows=\"3\" cols=\"2\" data-name=\"what_exhibiting\" ><\/textarea><\/div><\/div><div class='ff-el-group fairs-fields'><div class=\"ff-el-input--label ff-el-is-required asterisk-right\"><label   aria-label=\"Quels sont le ou les salons auxquels vous souhaitez participer?\">Quels sont le ou les salons auxquels vous souhaitez participer?<\/label><\/div><div class='ff-el-input--content'><div class='ff-el-form-check ff-el-form-check-'><label class='ff-el-form-check-label' for='Which_fairs_b2a586442e1fe178f9cb33e2fa1e9b06'><input  type=\"checkbox\" name=\"Which_fairs[]\" data-name=\"Which_fairs\" class=\"ff-el-form-check-input ff-el-form-check-checkbox\" value=\"PAD London\"  id='Which_fairs_b2a586442e1fe178f9cb33e2fa1e9b06' aria-label='PAD London' aria-invalid='false' aria-required=true> <span>PAD London<\/span><\/label><\/div><div class='ff-el-form-check ff-el-form-check-'><label class='ff-el-form-check-label' for='Which_fairs_0140fd4b2155802d68ad9f0f987d995b'><input  type=\"checkbox\" name=\"Which_fairs[]\" data-name=\"Which_fairs\" class=\"ff-el-form-check-input ff-el-form-check-checkbox\" value=\"PAD Paris\"  id='Which_fairs_0140fd4b2155802d68ad9f0f987d995b' aria-label='PAD Paris' aria-invalid='false' aria-required=true> <span>PAD Paris<\/span><\/label><\/div><div class='ff-el-form-check ff-el-form-check-'><label class='ff-el-form-check-label' for='Which_fairs_b460f0355e53c3e25e383798808a5edd'><input  type=\"checkbox\" name=\"Which_fairs[]\" data-name=\"Which_fairs\" class=\"ff-el-form-check-input ff-el-form-check-checkbox\" value=\"PAD Saint-Tropez\"  id='Which_fairs_b460f0355e53c3e25e383798808a5edd' aria-label='PAD Saint-Tropez' aria-invalid='false' aria-required=true> <span>PAD Saint-Tropez<\/span><\/label><\/div><\/div><\/div><div class='ff-el-group  ff-custom_html' tabindex='-1' data-name=\"custom_html-3_1\" ><p>&nbsp;<\/p><\/div><div class='ff-el-group  ff-custom_html' tabindex='-1' data-name=\"custom_html-3_2\" ><h3>Je confirme que ma galerie:<\/h3>\n<p>&#8211; Pr\u00e9sente des objets de grande qualit\u00e9 dans sa sp\u00e9cialit\u00e9<br \/>&#8211; Accepte que toutes les pi\u00e8ces \/ \u0153uvres pr\u00e9sent\u00e9es seront soumises \u00e0 un Comit\u00e9 d\u2019Admission des Objets<\/p><\/div><div class='ff-el-group  ff-custom_html' tabindex='-1' data-name=\"custom_html-3_3\" ><p>&nbsp;<\/p><\/div><div class='ff-el-group ff-text-center ff_submit_btn_wrapper'><button type=\"submit\" class=\"ff-btn ff-btn-submit ff-btn-md button ff_btn_no_style\"  aria-label=\"Soumettre la demande de participation\">Soumettre la demande de participation<\/button><\/div><\/fieldset><\/form><div id='fluentform_3_errors' class='ff-errors-in-stack ff_form_instance_3_2 ff-form-loading_errors ff_form_instance_3_2_errors'><\/div><\/div>            <script type=\"text\/javascript\">\n                window.fluent_form_ff_form_instance_3_2 = {\"id\":\"3\",\"settings\":{\"layout\":{\"labelPlacement\":\"top\",\"helpMessagePlacement\":\"with_label\",\"errorMessagePlacement\":\"inline\",\"cssClassName\":\"\",\"asteriskPlacement\":\"asterisk-right\"},\"restrictions\":{\"denyEmptySubmission\":{\"enabled\":false}}},\"form_instance\":\"ff_form_instance_3_2\",\"form_id_selector\":\"fluentform_3\",\"rules\":{\"category\":{\"required\":{\"value\":true,\"message\":\"Ce champ est obligatoire\",\"global_message\":\"This field is required\",\"global\":false}},\"Gallery_Name\":{\"required\":{\"value\":true,\"message\":\"Ce champ est obligatoire\",\"global_message\":\"This field is required\",\"global\":false}},\"Contact_Person\":{\"required\":{\"value\":true,\"message\":\"Ce champ est obligatoire\",\"global_message\":\"This field is required\",\"global\":false}},\"Main_Gallery_Address\":{\"required\":{\"value\":true,\"message\":\"Ce champ est obligatoire\",\"global_message\":\"This field is required\",\"global\":false}},\"Postal_Code\":{\"required\":{\"value\":true,\"message\":\"Ce champ est obligatoire\",\"global_message\":\"This field is required\",\"global\":false}},\"Countries\":{\"required\":{\"value\":true,\"message\":\"Ce champ est obligatoire\",\"global_message\":\"This field is required\",\"global\":false}},\"Mobile_Number\":{\"required\":{\"value\":true,\"message\":\"Ce champ est obligatoire\",\"global_message\":\"This field is required\",\"global\":false}},\"email\":{\"required\":{\"value\":true,\"message\":\"Ce champ est obligatoire\",\"global\":false,\"global_message\":\"This field is required\"},\"email\":{\"value\":true,\"message\":\"Ce champ doit contenir un email valide\",\"global\":false,\"global_message\":\"This field must contain a valid email\"}},\"Website\":{\"required\":{\"value\":true,\"message\":\"Ce champ est obligatoire\",\"global_message\":\"This field is required\",\"global\":false},\"url\":{\"value\":true,\"message\":\"Ce champ doit contenir une URL valide\",\"global_message\":\"This field must contain a valid url\",\"global\":false}},\"References\":{\"required\":{\"value\":true,\"message\":\"Ce champ est obligatoire\",\"global_message\":\"This field is required\",\"global\":false}},\"Other_fairs\":{\"required\":{\"value\":true,\"message\":\"Ce champ est obligatoire\",\"global_message\":\"This field is required\",\"global\":false}},\"what_exhibiting\":{\"required\":{\"value\":true,\"message\":\"Ce champ est obligatoire\",\"global_message\":\"This field is required\",\"global\":false}},\"Which_fairs\":{\"required\":{\"value\":true,\"message\":\"Ce champ est obligatoire\",\"global_message\":\"This field is required\",\"global\":false}}},\"debounce_time\":300};\n                            <\/script>\n            <\/div><\/div>","protected":false},"excerpt":{"rendered":"<p>Si vous souhaitez participer au PAD, nous vous invitons \u00e0 compl\u00e9ter le formulaire ci-dessous. Il sera transmis au Comit\u00e9 de S\u00e9lection pour examen et nous reviendrons vers vous par la suite. Merci de noter que le d\u00e9p\u00f4t d\u2019une candidature ne garantit pas la participation.<\/p>\n","protected":false},"author":1,"featured_media":0,"parent":19799,"menu_order":2,"comment_status":"closed","ping_status":"closed","template":"","meta":{"_acf_changed":false,"footnotes":""},"class_list":["post-292","page","type-page","status-publish","hentry"],"acf":{"padFair":false},"aioseo_notices":[],"_links":{"self":[{"href":"https:\/\/www.padesignart.com\/fr\/wp-json\/wp\/v2\/pages\/292","targetHints":{"allow":["GET"]}}],"collection":[{"href":"https:\/\/www.padesignart.com\/fr\/wp-json\/wp\/v2\/pages"}],"about":[{"href":"https:\/\/www.padesignart.com\/fr\/wp-json\/wp\/v2\/types\/page"}],"author":[{"embeddable":true,"href":"https:\/\/www.padesignart.com\/fr\/wp-json\/wp\/v2\/users\/1"}],"replies":[{"embeddable":true,"href":"https:\/\/www.padesignart.com\/fr\/wp-json\/wp\/v2\/comments?post=292"}],"version-history":[{"count":20,"href":"https:\/\/www.padesignart.com\/fr\/wp-json\/wp\/v2\/pages\/292\/revisions"}],"predecessor-version":[{"id":29433,"href":"https:\/\/www.padesignart.com\/fr\/wp-json\/wp\/v2\/pages\/292\/revisions\/29433"}],"up":[{"embeddable":true,"href":"https:\/\/www.padesignart.com\/fr\/wp-json\/wp\/v2\/pages\/19799"}],"wp:attachment":[{"href":"https:\/\/www.padesignart.com\/fr\/wp-json\/wp\/v2\/media?parent=292"}],"curies":[{"name":"wp","href":"https:\/\/api.w.org\/{rel}","templated":true}]}}