{"id":27323,"date":"2025-11-27T09:43:40","date_gmt":"2025-11-27T09:43:40","guid":{"rendered":"https:\/\/www.padesignart.com\/?page_id=27323"},"modified":"2025-11-27T09:59:51","modified_gmt":"2025-11-27T09:59:51","slug":"jury-and-prizes","status":"publish","type":"page","link":"https:\/\/www.padesignart.com\/fr\/saint-tropez\/jury-and-prizes\/","title":{"rendered":"Jury &#038; Prix"},"content":{"rendered":"<p>Le jury d\u00e9signe le Prix du Stand, le Prix du Design Contemporain, et le Prix du Design Historique.<\/p>\n\n\n\n<p>Chacun de ces prix r\u00e9compense la sc\u00e9nographie, la s\u00e9lection des oeuvres et le caract\u00e8re distinctif que chaque pi\u00e8ce apporte \u00e0 la signature du salon.<\/p>","protected":false},"excerpt":{"rendered":"<p>Le jury d\u00e9signe le Prix du Stand, le Prix du Design Contemporain, et le Prix du Design Historique. Chacun de ces prix r\u00e9compense la sc\u00e9nographie, la s\u00e9lection des oeuvres et le caract\u00e8re distinctif que chaque pi\u00e8ce apporte \u00e0 la signature du salon.<\/p>\n","protected":false},"author":1,"featured_media":0,"parent":27314,"menu_order":7,"comment_status":"closed","ping_status":"closed","template":"template-pad-prize.php","meta":{"_acf_changed":false,"footnotes":""},"class_list":["post-27323","page","type-page","status-publish","hentry","pad_fair-saint-tropez"],"acf":{"padFair":243},"aioseo_notices":[],"_links":{"self":[{"href":"https:\/\/www.padesignart.com\/fr\/wp-json\/wp\/v2\/pages\/27323","targetHints":{"allow":["GET"]}}],"collection":[{"href":"https:\/\/www.padesignart.com\/fr\/wp-json\/wp\/v2\/pages"}],"about":[{"href":"https:\/\/www.padesignart.com\/fr\/wp-json\/wp\/v2\/types\/page"}],"author":[{"embeddable":true,"href":"https:\/\/www.padesignart.com\/fr\/wp-json\/wp\/v2\/users\/1"}],"replies":[{"embeddable":true,"href":"https:\/\/www.padesignart.com\/fr\/wp-json\/wp\/v2\/comments?post=27323"}],"version-history":[{"count":2,"href":"https:\/\/www.padesignart.com\/fr\/wp-json\/wp\/v2\/pages\/27323\/revisions"}],"predecessor-version":[{"id":29414,"href":"https:\/\/www.padesignart.com\/fr\/wp-json\/wp\/v2\/pages\/27323\/revisions\/29414"}],"up":[{"embeddable":true,"href":"https:\/\/www.padesignart.com\/fr\/wp-json\/wp\/v2\/pages\/27314"}],"acf:term":[{"embeddable":true,"taxonomy":"pad_fair","href":"https:\/\/www.padesignart.com\/fr\/wp-json\/wp\/v2\/pad_fair\/243"}],"wp:attachment":[{"href":"https:\/\/www.padesignart.com\/fr\/wp-json\/wp\/v2\/media?parent=27323"}],"curies":[{"name":"wp","href":"https:\/\/api.w.org\/{rel}","templated":true}]}}