{"id":27322,"date":"2025-11-27T09:43:40","date_gmt":"2025-11-27T09:43:40","guid":{"rendered":"https:\/\/www.padesignart.com\/?page_id=27322"},"modified":"2025-11-27T10:01:09","modified_gmt":"2025-11-27T10:01:09","slug":"selection-committee","status":"publish","type":"page","link":"https:\/\/www.padesignart.com\/fr\/saint-tropez\/selection-committee\/","title":{"rendered":"Comit\u00e9 de S\u00e9lection"},"content":{"rendered":"<div class=\"wp-block-group\"><div class=\"wp-block-group__inner-container\">\n<div class=\"wp-block-group\"><div class=\"wp-block-group__inner-container\">\n<div class=\"wp-block-group\" style=\"padding-top:0px;padding-right:0px;padding-bottom:0px;padding-left:0px;font-size:14px\"><div class=\"wp-block-group__inner-container\">\n<div class=\"wp-block-group\"><div class=\"wp-block-group__inner-container\">\n<p>Compos\u00e9 de marchands connus et reconnus, chacun dans leur sp\u00e9cialit\u00e9 examine les nouvelles candidatures selon les crit\u00e8res d\u2019\u00e9thique, <br>de qualit\u00e9 et d\u2019esth\u00e9tisme qui fondent la r\u00e9putation du PAD. <\/p>\n\n\n\n<p><br>Ceux-ci \u00e9clairent et conseillent les organisateurs du PAD sur les orientations strat\u00e9giques et politiques du march\u00e9 de l\u2019art et de ses d\u00e9veloppements.<br><\/p>\n\n\n\n<p>Le Comit\u00e9 de S\u00e9lection constitue un \u00ab\u00a0parlement\u00a0\u00bb repr\u00e9sentant les exposants et leurs diff\u00e9rentes sensibilit\u00e9s, <br>\u00e9tant celui qui les s\u00e9lectionnent, les galeries sont donc soumises \u00e0 celui-ci.<\/p>\n\n\n\n<p><br>Sur demande des organisateurs, celui-ci peut \u00eatre amen\u00e9, dans certaines circonstances exceptionnelles, \u00e0 voter de fa\u00e7on \u00e0 orienter les choix.<\/p>\n<\/div><\/div>\n<\/div><\/div>\n<\/div><\/div>\n<\/div><\/div>","protected":false},"excerpt":{"rendered":"<p>Compos\u00e9 de marchands connus et reconnus, chacun dans leur sp\u00e9cialit\u00e9 examine les nouvelles candidatures selon les crit\u00e8res d\u2019\u00e9thique, de qualit\u00e9 et d\u2019esth\u00e9tisme qui fondent la r\u00e9putation du PAD. Ceux-ci \u00e9clairent et conseillent les organisateurs du PAD sur les orientations strat\u00e9giques et politiques du march\u00e9 de l\u2019art et de ses d\u00e9veloppements. Le Comit\u00e9 de S\u00e9lection constitue [&hellip;]<\/p>\n","protected":false},"author":1,"featured_media":0,"parent":27314,"menu_order":6,"comment_status":"closed","ping_status":"closed","template":"template-committee.php","meta":{"_acf_changed":false,"footnotes":""},"class_list":["post-27322","page","type-page","status-publish","hentry","pad_fair-saint-tropez"],"acf":{"padFair":243},"aioseo_notices":[],"_links":{"self":[{"href":"https:\/\/www.padesignart.com\/fr\/wp-json\/wp\/v2\/pages\/27322","targetHints":{"allow":["GET"]}}],"collection":[{"href":"https:\/\/www.padesignart.com\/fr\/wp-json\/wp\/v2\/pages"}],"about":[{"href":"https:\/\/www.padesignart.com\/fr\/wp-json\/wp\/v2\/types\/page"}],"author":[{"embeddable":true,"href":"https:\/\/www.padesignart.com\/fr\/wp-json\/wp\/v2\/users\/1"}],"replies":[{"embeddable":true,"href":"https:\/\/www.padesignart.com\/fr\/wp-json\/wp\/v2\/comments?post=27322"}],"version-history":[{"count":1,"href":"https:\/\/www.padesignart.com\/fr\/wp-json\/wp\/v2\/pages\/27322\/revisions"}],"predecessor-version":[{"id":27328,"href":"https:\/\/www.padesignart.com\/fr\/wp-json\/wp\/v2\/pages\/27322\/revisions\/27328"}],"up":[{"embeddable":true,"href":"https:\/\/www.padesignart.com\/fr\/wp-json\/wp\/v2\/pages\/27314"}],"acf:term":[{"embeddable":true,"taxonomy":"pad_fair","href":"https:\/\/www.padesignart.com\/fr\/wp-json\/wp\/v2\/pad_fair\/243"}],"wp:attachment":[{"href":"https:\/\/www.padesignart.com\/fr\/wp-json\/wp\/v2\/media?parent=27322"}],"curies":[{"name":"wp","href":"https:\/\/api.w.org\/{rel}","templated":true}]}}