{"id":19796,"date":"2022-05-24T17:07:30","date_gmt":"2022-05-24T16:07:30","guid":{"rendered":"https:\/\/padesignart.com\/?page_id=19796"},"modified":"2025-11-05T13:38:10","modified_gmt":"2025-11-05T13:38:10","slug":"jury-and-prizes","status":"publish","type":"page","link":"https:\/\/www.padesignart.com\/fr\/london\/jury-and-prizes\/","title":{"rendered":"Jury &#038; Prix"},"content":{"rendered":"<p>Chaque ann\u00e9e, PAD London remet les prix suivants : Prix du Stand, Prix du Design Contemporain et Prix du Design Historique.<\/p>\n\n\n\n<p>Le jury, pr\u00e9sid\u00e9 par Tim Marlow, est compos\u00e9 de personnalit\u00e9s du monde du design, de l&rsquo;art, de la mode, des affaires et de la communication.<\/p>\n\n\n\n<p><\/p>","protected":false},"excerpt":{"rendered":"<p>Chaque ann\u00e9e, PAD London remet les prix suivants : Prix du Stand, Prix du Design Contemporain et Prix du Design Historique. Le jury, pr\u00e9sid\u00e9 par Tim Marlow, est compos\u00e9 de personnalit\u00e9s du monde du design, de l&rsquo;art, de la mode, des affaires et de la communication.<\/p>\n","protected":false},"author":1,"featured_media":0,"parent":19737,"menu_order":7,"comment_status":"closed","ping_status":"closed","template":"template-pad-prize.php","meta":{"_acf_changed":false,"footnotes":""},"class_list":["post-19796","page","type-page","status-publish","hentry","pad_fair-london"],"acf":{"padFair":152},"aioseo_notices":[],"_links":{"self":[{"href":"https:\/\/www.padesignart.com\/fr\/wp-json\/wp\/v2\/pages\/19796","targetHints":{"allow":["GET"]}}],"collection":[{"href":"https:\/\/www.padesignart.com\/fr\/wp-json\/wp\/v2\/pages"}],"about":[{"href":"https:\/\/www.padesignart.com\/fr\/wp-json\/wp\/v2\/types\/page"}],"author":[{"embeddable":true,"href":"https:\/\/www.padesignart.com\/fr\/wp-json\/wp\/v2\/users\/1"}],"replies":[{"embeddable":true,"href":"https:\/\/www.padesignart.com\/fr\/wp-json\/wp\/v2\/comments?post=19796"}],"version-history":[{"count":15,"href":"https:\/\/www.padesignart.com\/fr\/wp-json\/wp\/v2\/pages\/19796\/revisions"}],"predecessor-version":[{"id":29365,"href":"https:\/\/www.padesignart.com\/fr\/wp-json\/wp\/v2\/pages\/19796\/revisions\/29365"}],"up":[{"embeddable":true,"href":"https:\/\/www.padesignart.com\/fr\/wp-json\/wp\/v2\/pages\/19737"}],"acf:term":[{"embeddable":true,"taxonomy":"pad_fair","href":"https:\/\/www.padesignart.com\/fr\/wp-json\/wp\/v2\/pad_fair\/152"}],"wp:attachment":[{"href":"https:\/\/www.padesignart.com\/fr\/wp-json\/wp\/v2\/media?parent=19796"}],"curies":[{"name":"wp","href":"https:\/\/api.w.org\/{rel}","templated":true}]}}