{"id":19793,"date":"2022-05-24T17:06:26","date_gmt":"2022-05-24T16:06:26","guid":{"rendered":"https:\/\/padesignart.com\/?page_id=19793"},"modified":"2025-09-11T11:34:49","modified_gmt":"2025-09-11T10:34:49","slug":"selection-committe","status":"publish","type":"page","link":"https:\/\/www.padesignart.com\/fr\/london\/selection-committe\/","title":{"rendered":"Comit\u00e9 de S\u00e9lection"},"content":{"rendered":"<pre id=\"tw-target-text\" class=\"wp-block-preformatted\">Compos\u00e9 de marchands connus et reconnus, chacun dans leur sp\u00e9cialit\u00e9, le comit\u00e9 examine les nouvelles candidatures selon les crit\u00e8res de provenance, de qualit\u00e9 et d'excellence esth\u00e9tique qui fondent la r\u00e9putation du PAD.<br><br>Repr\u00e9sentant les perspectives et l'expertise uniques des exposants, le comit\u00e9 de s\u00e9lection conseille les organisateurs sur les derni\u00e8res tendances et \u00e9volutions du march\u00e9 de l'art. Dans des circonstances exceptionnelles, sur demande des organisateurs, le comit\u00e9 de s\u00e9lection peut \u00eatre amen\u00e9 \u00e0 \u00e9clairer ses choix par un vote.<\/pre>\n\n\n\n<p><\/p>","protected":false},"excerpt":{"rendered":"<p>Compos\u00e9 de marchands connus et reconnus, chacun dans leur sp\u00e9cialit\u00e9, le comit\u00e9 examine les nouvelles candidatures selon les crit\u00e8res de provenance, de qualit\u00e9 et d&rsquo;excellence esth\u00e9tique qui fondent la r\u00e9putation du PAD.Repr\u00e9sentant les perspectives et l&rsquo;expertise uniques des exposants, le comit\u00e9 de s\u00e9lection conseille les organisateurs sur les derni\u00e8res tendances et \u00e9volutions du march\u00e9 de [&hellip;]<\/p>\n","protected":false},"author":1,"featured_media":0,"parent":19737,"menu_order":6,"comment_status":"closed","ping_status":"closed","template":"template-committee.php","meta":{"_acf_changed":false,"footnotes":""},"class_list":["post-19793","page","type-page","status-publish","hentry","pad_fair-london"],"acf":{"padFair":152},"aioseo_notices":[],"_links":{"self":[{"href":"https:\/\/www.padesignart.com\/fr\/wp-json\/wp\/v2\/pages\/19793","targetHints":{"allow":["GET"]}}],"collection":[{"href":"https:\/\/www.padesignart.com\/fr\/wp-json\/wp\/v2\/pages"}],"about":[{"href":"https:\/\/www.padesignart.com\/fr\/wp-json\/wp\/v2\/types\/page"}],"author":[{"embeddable":true,"href":"https:\/\/www.padesignart.com\/fr\/wp-json\/wp\/v2\/users\/1"}],"replies":[{"embeddable":true,"href":"https:\/\/www.padesignart.com\/fr\/wp-json\/wp\/v2\/comments?post=19793"}],"version-history":[{"count":11,"href":"https:\/\/www.padesignart.com\/fr\/wp-json\/wp\/v2\/pages\/19793\/revisions"}],"predecessor-version":[{"id":29051,"href":"https:\/\/www.padesignart.com\/fr\/wp-json\/wp\/v2\/pages\/19793\/revisions\/29051"}],"up":[{"embeddable":true,"href":"https:\/\/www.padesignart.com\/fr\/wp-json\/wp\/v2\/pages\/19737"}],"acf:term":[{"embeddable":true,"taxonomy":"pad_fair","href":"https:\/\/www.padesignart.com\/fr\/wp-json\/wp\/v2\/pad_fair\/152"}],"wp:attachment":[{"href":"https:\/\/www.padesignart.com\/fr\/wp-json\/wp\/v2\/media?parent=19793"}],"curies":[{"name":"wp","href":"https:\/\/api.w.org\/{rel}","templated":true}]}}