{"id":19737,"date":"2022-05-20T18:02:09","date_gmt":"2022-05-20T17:02:09","guid":{"rendered":"https:\/\/padesignart.com\/?page_id=19737"},"modified":"2025-07-11T15:25:55","modified_gmt":"2025-07-11T14:25:55","slug":"london","status":"publish","type":"page","link":"https:\/\/www.padesignart.com\/fr\/london\/","title":{"rendered":"London"},"content":{"rendered":"<p>Install\u00e9 dans le quartier de Mayfair, PAD est le premier salon Londonien de Design Historique et Contemporain.&nbsp;<\/p>\n\n\n\n<p>Inspirant un esprit de collection unique, PAD incarne la fa\u00e7on dont le Design historique et contemporain interagissent pour r\u00e9v\u00e9ler des combinaisons \u00e9tonnantes et cr\u00e9er les int\u00e9rieurs uniques et stup\u00e9fiants.<\/p>\n\n\n\n<p>Des galeries internationales de renom venant d\u2019Europe, d\u2019Am\u00e9rique du Nord et d\u2019Asie se r\u00e9unissent pour offrir un panorama exceptionnel des \u0153uvres les plus convoit\u00e9es et les plus embl\u00e9matiques disponibles sur le march\u00e9 aujourd\u2019hui.&nbsp;<\/p>\n\n\n\n<p>PAD est le lieu pour d\u00e9couvrir et acqu\u00e9rir des pi\u00e8ces de qualit\u00e9 mus\u00e9ale avec une histoire distincte.<\/p>\n\n\n\n<p>PAD cultive l\u2019\u00e9clectisme, et l\u2019authenticit\u00e9 avec passion et flair.&nbsp;<\/p>\n\n\n\n<p>PAD est con\u00e7u pour inspirer les collectionneurs, les consultants en art, les conservateurs de mus\u00e9e, les sp\u00e9cialistes d\u2019int\u00e9rieur, les praticiens du design et le public, ce qui fait de PAD le seul \u00e9v\u00e9nement de ce type.<\/p>\n\n\n\n<div class=\"wp-block-group\"><div class=\"wp-block-group__inner-container\">\n<div class=\"wp-block-columns\">\n<div class=\"wp-block-column\" style=\"flex-basis:33.33%\"><\/div>\n\n\n\n<div class=\"wp-block-column\" style=\"flex-basis:66.66%\">\n<p><\/p>\n<\/div>\n<\/div>\n<\/div><\/div>\n\n\n\n<div class=\"wp-block-columns\">\n<div class=\"wp-block-column\"><\/div>\n<\/div>\n\n\n\n<p><\/p>","protected":false},"excerpt":{"rendered":"<p>Install\u00e9 dans le quartier de Mayfair, PAD est le premier salon Londonien de Design Historique et Contemporain.&nbsp; Inspirant un esprit de collection unique, PAD incarne la fa\u00e7on dont le Design historique et contemporain interagissent pour r\u00e9v\u00e9ler des combinaisons \u00e9tonnantes et cr\u00e9er les int\u00e9rieurs uniques et stup\u00e9fiants. Des galeries internationales de renom venant d\u2019Europe, d\u2019Am\u00e9rique du [&hellip;]<\/p>\n","protected":false},"author":1,"featured_media":0,"parent":0,"menu_order":3,"comment_status":"closed","ping_status":"closed","template":"template-fair-home.php","meta":{"_acf_changed":false,"footnotes":""},"class_list":["post-19737","page","type-page","status-publish","hentry","pad_fair-london"],"acf":{"padFair":152},"aioseo_notices":[],"_links":{"self":[{"href":"https:\/\/www.padesignart.com\/fr\/wp-json\/wp\/v2\/pages\/19737","targetHints":{"allow":["GET"]}}],"collection":[{"href":"https:\/\/www.padesignart.com\/fr\/wp-json\/wp\/v2\/pages"}],"about":[{"href":"https:\/\/www.padesignart.com\/fr\/wp-json\/wp\/v2\/types\/page"}],"author":[{"embeddable":true,"href":"https:\/\/www.padesignart.com\/fr\/wp-json\/wp\/v2\/users\/1"}],"replies":[{"embeddable":true,"href":"https:\/\/www.padesignart.com\/fr\/wp-json\/wp\/v2\/comments?post=19737"}],"version-history":[{"count":44,"href":"https:\/\/www.padesignart.com\/fr\/wp-json\/wp\/v2\/pages\/19737\/revisions"}],"predecessor-version":[{"id":28815,"href":"https:\/\/www.padesignart.com\/fr\/wp-json\/wp\/v2\/pages\/19737\/revisions\/28815"}],"acf:term":[{"embeddable":true,"taxonomy":"pad_fair","href":"https:\/\/www.padesignart.com\/fr\/wp-json\/wp\/v2\/pad_fair\/152"}],"wp:attachment":[{"href":"https:\/\/www.padesignart.com\/fr\/wp-json\/wp\/v2\/media?parent=19737"}],"curies":[{"name":"wp","href":"https:\/\/api.w.org\/{rel}","templated":true}]}}