{"id":16130,"date":"2018-05-29T11:13:17","date_gmt":"2018-05-29T10:13:17","guid":{"rendered":"https:\/\/www.padesignart.com\/paris\/?page_id=16130"},"modified":"2022-07-07T12:00:52","modified_gmt":"2022-07-07T11:00:52","slug":"privacy-policy","status":"publish","type":"page","link":"https:\/\/www.padesignart.com\/fr\/about\/privacy-policy\/","title":{"rendered":"Politique de confidentialit\u00e9"},"content":{"rendered":"<p>Notre politique de confidentialit\u00e9 d\u00e9finit les conditions dans lesquelles nous traitons les donn\u00e9es personnelles que nous collectons aupr\u00e8s de vous ou que vous nous fournissez. Nous vous invitons \u00e0 lire attentivement le pr\u00e9sent document pour conna\u00eetre et comprendre nos pratiques quant aux traitements de vos donn\u00e9es personnelles que nous mettons en \u0153uvre.<\/p>\n\n\n\n<h3 class=\"wp-block-heading\">1. Responsable du traitement<\/h3>\n\n\n\n<p>Le responsable du traitement de vos donn\u00e9es personnelles est la soci\u00e9t\u00e9 PAD Paris SAS, ayant son si\u00e8ge social au 102 rue du Faubourg Saint Honor\u00e9 \u00e0 75008 Paris, immatricul\u00e9e au RCS sous le num\u00e9ro B408970929, repr\u00e9sent\u00e9e par M. Jean-Christophe BONNET, Directeur g\u00e9n\u00e9ral.<\/p>\n\n\n\n<h3 class=\"wp-block-heading\">2. Informations collect\u00e9es<\/h3>\n\n\n\n<p>Nous sommes susceptibles de recueillir et de traiter les donn\u00e9es suivantes :<\/p>\n\n\n\n<p>2-1. Les donn\u00e9es que vous nous transmettez directement.<\/p>\n\n\n\n<p>Vous pouvez \u00eatre amen\u00e9 \u00e0 nous fournir des donn\u00e9es \u00e0 votre sujet en remplissant les formulaires sur notre site www.padesignart.com, en nous contactant par t\u00e9l\u00e9phone, par e-mail, ou en compl\u00e9tant un compte exposant.<\/p>\n\n\n\n<p>Ces donn\u00e9es sont notamment vos nom et pr\u00e9nom, adresse email, date de naissance, num\u00e9ro de t\u00e9l\u00e9phone, mot de passe, adresse postale.<\/p>\n\n\n\n<p>Si vous achetez des billets pour notre salon, il vous sera demand\u00e9 d&rsquo;enregistrer votre nom, votre adresse postale et votre e-mail. Il vous sera \u00e9galement demand\u00e9 si vous permettez \u00e0 PAD d&rsquo;utiliser vos coordonn\u00e9es \u00e0 des fins marketing, promotionnelles ou d\u2019information sur nos services.<\/p>\n\n\n\n<p>Lorsque vous achetez un de nos produits, la transaction est trait\u00e9e par Stripe, de sorte que vos donn\u00e9es financi\u00e8res et en particulier, celles relatives \u00e0 votre carte de paiement et vos donn\u00e9es bancaires, ne sont ni collect\u00e9es ni d\u00e9tenues par le PAD. Pour en savoir plus sur la politique de confidentialit\u00e9 de Stripe : <a href=\"https:\/\/stripe.com\/gb\/privacy\" target=\"_blank\" rel=\"noreferrer noopener\">https:\/\/stripe.com\/gb\/privacy<\/a><\/p>\n\n\n\n<p>2.2. Les donn\u00e9es que nous collectons automatiquement.<\/p>\n\n\n\n<p>Lors de chacune de vos visites, nous sommes susceptibles de recueillir, conform\u00e9ment \u00e0 la l\u00e9gislation applicable et avec votre accord, le cas \u00e9ch\u00e9ant, des informations techniques, tels que, notamment, l&rsquo;adresse IP utilis\u00e9e pour connecter votre ordinateur \u00e0 Internet, vos donn\u00e9es de connexion, le type et la version du navigateur, le fuseau horaire, les types et versions des plug-ins de navigateur, le syst\u00e8me d&rsquo;exploitation et la plate-forme que vous utilisez. Nous pouvons \u00e9galement collecter automatiquement les donn\u00e9es relatives \u00e0 votre visite et \u00e0 votre parcours de navigation, y compris le lien complet des URL, depuis et vers notre site Web (y compris la date et l&rsquo;heure), les pages consult\u00e9es, les temps de r\u00e9ponse des pages, les erreurs de t\u00e9l\u00e9chargement, le contenu auquel vous acc\u00e9dez ou que vous consultez, les termes de recherches utilis\u00e9s, la dur\u00e9e de consultation de certaines pages, les informations sur les interactions avec la page (telles que le d\u00e9filement, les clics et les survols) et les m\u00e9thodes utilis\u00e9es pour naviguer hors de la page.<\/p>\n\n\n\n<p>Parmi les technologies utilis\u00e9es pour recueillir ces informations, nous avons notamment recours aux cookies (pour en savoir plus \u00e0 ce sujet, veuillez vous r\u00e9f\u00e9rer \u00e0 l\u2019article 7 de la pr\u00e9sente politique de confidentialit\u00e9).<\/p>\n\n\n\n<h3 class=\"wp-block-heading\">3. Dur\u00e9e de conservation des donn\u00e9es<\/h3>\n\n\n\n<p>3.1. A l\u2019exception des donn\u00e9es vis\u00e9es au 3.2, vos donn\u00e9es personnelles sont conserv\u00e9es le temps de la relation commerciale et, \u00e0 compter de la fin de cette relation commerciale, pendant une p\u00e9riode de trois ans.<\/p>\n\n\n\n<p>3.2. Les cat\u00e9gories de donn\u00e9es personnelles suivantes sont susceptibles d\u2019\u00eatre conserv\u00e9es pour des dur\u00e9es diff\u00e9rentes :<\/p>\n\n\n\n<ul class=\"wp-block-list\"><li>Les donn\u00e9es relatives aux transactions (par exemple, les paiements, remboursements, etc) sont conserv\u00e9es pour la dur\u00e9e requise par les lois applicables en mati\u00e8re fiscale et comptable ;<\/li><li>Les contrats conclus par voie \u00e9lectronique sont conserv\u00e9s pendant une dur\u00e9e de dix ans, conform\u00e9ment aux dispositions du code de commerce et du code de la consommation en cette mati\u00e8re.<\/li><li>Les donn\u00e9es n\u00e9cessaires \u00e0 l\u2019\u00e9tablissement des documents comptables sont conserv\u00e9es pendant une dur\u00e9e de dix ans conform\u00e9ment aux dispositions du code de commerce.<\/li><li>Les informations stock\u00e9es dans le terminal des utilisateurs (exemple : cookies) ou tout autre \u00e9l\u00e9ment utilis\u00e9 pour identifier les utilisateurs du site internet et permettant leur tra\u00e7abilit\u00e9 sont conserv\u00e9es pour une dur\u00e9e de six mois.<\/li><\/ul>\n\n\n\n<h3 class=\"wp-block-heading\">4. Finalit\u00e9s et bases juridiques des traitements<\/h3>\n\n\n\n<p>Nous utilisons les donn\u00e9es que nous recueillons aux fins de :<\/p>\n\n\n\n<ul class=\"wp-block-list\"><li>Ex\u00e9cuter les contrats conclus entre vous et nous ou entre nous et nos partenaires commerciaux et vous fournir les informations et services demand\u00e9s \u2013 ce traitement est n\u00e9cessaire \u00e0 l\u2019ex\u00e9cution de nos obligations contractuelles respectives ;<\/li><li>Vous envoyer des renseignements sur nos services par e-mail, SMS ou tout autre moyen de communication \u2013 ce traitement est n\u00e9cessaire \u00e0 l\u2019ex\u00e9cution de nos obligations contractuelles respectives et\/ou r\u00e9alis\u00e9 avec votre consentement ;<\/li><li>Percevoir vos paiements \u2013 ce traitement est n\u00e9cessaire \u00e0 l\u2019ex\u00e9cution de nos obligations contractuelles respectives ;<\/li><li>Vous donner acc\u00e8s et vous permettre de communiquer avec nos services \u2013 ce traitement est n\u00e9cessaire \u00e0 l\u2019ex\u00e9cution de nos obligations contractuelles respectives, r\u00e9alis\u00e9 avec votre consentement et\/ou n\u00e9cessaire \u00e0 la constatation, l\u2019exercice ou la d\u00e9fense d\u2019un droit en justice ;<\/li><li>Vous envoyer, conform\u00e9ment aux dispositions l\u00e9gales applicables et avec votre accord lorsque la l\u00e9gislation en vigueur l\u2019exige, des messages commerciaux, marketing, publicitaires et promotionnels ainsi que des informations relatives \u00e0 l\u2019utilisation de nos services \u2013 ce traitement est fond\u00e9 sur votre consentement et\/ou notre int\u00e9r\u00eat l\u00e9gitime \u00e0 vous fournir des informations pertinentes ;<\/li><li>Vous mettre en relation avec des tiers sponsors aux fins de vous proposer des services, de vous envoyer des messages commerciaux, marketing, publicitaires et promotionnels \u2013 ce traitement est fond\u00e9 sur votre consentement ;<\/li><li>Vous informer des modifications apport\u00e9es \u00e0 nos services \u2013 ce traitement est n\u00e9cessaire \u00e0 l\u2019ex\u00e9cution de nos obligations contractuelles et au respect de nos obligations l\u00e9gales ;<\/li><li>Am\u00e9liorer notre site Web, personnaliser votre exp\u00e9rience et r\u00e9pondre \u00e0 vos besoins individuels \u2013 ce traitement est n\u00e9cessaire \u00e0 l\u2019ex\u00e9cution de nos obligations contractuelles et \u00e0 la n\u00e9cessit\u00e9 d\u2019am\u00e9liorer les services propos\u00e9s ;<\/li><li>Am\u00e9liorer la relation aux clients et vos besoins de prise en charge \u2013 ce traitement est n\u00e9cessaire \u00e0 l\u2019ex\u00e9cution de nos obligations contractuelles et \u00e0 la n\u00e9cessit\u00e9 d\u2019am\u00e9liorer les services propos\u00e9s ;<\/li><li>Nous conformer \u00e0 toutes nos obligations l\u00e9gales en mati\u00e8re, notamment, fiscale et comptable \u2013 ce traitement est n\u00e9cessaire \u00e0 l\u2019ex\u00e9cution de nos obligations l\u00e9gales.<\/li><\/ul>\n\n\n\n<h3 class=\"wp-block-heading\">5. Transfert des donn\u00e9es<\/h3>\n\n\n\n<p>5.1. Certaines de vos donn\u00e9es personnelles peuvent \u00eatre transmises \u00e0 des tiers, notamment nos partenaires commerciaux qui font la promotion de leurs produits et services sur notre site Web, sous r\u00e9serve de votre consentement. Lors d\u2019un achat en ligne, il vous est express\u00e9ment demand\u00e9 si vous consentez \u00e0 ce que vos donn\u00e9es soient transmises \u00e0 nos partenaires.<\/p>\n\n\n\n<p>5.2. Vos donn\u00e9es peuvent encore \u00eatre transmises, divulgu\u00e9es ou partag\u00e9es si nous avons l\u2019obligation l\u00e9gale de le faire ou si cela s\u2019av\u00e8re n\u00e9cessaire pour faire respecter ou appliquer nos conditions d\u2019utilisation et\/ou tout autre accord ; pour r\u00e9pondre \u00e0 toute r\u00e9clamation \u00e0 l\u2019encontre de PAD ; pour ex\u00e9cuter toute d\u00e9cision judiciaire ; pour prot\u00e9ger les droits, la propri\u00e9t\u00e9 ou la s\u00e9curit\u00e9 de PAD, de nos clients ou plus g\u00e9n\u00e9ralement de tout tiers. Cela comprend l\u2019\u00e9change d\u2019informations avec d\u2019autres soci\u00e9t\u00e9s et organisations \u00e0 des fins de protection contre la fraude et de r\u00e9duction du risque de cr\u00e9dit.<\/p>\n\n\n\n<p>5.3. Les donn\u00e9es personnelles que nous collectons peuvent \u00eatre transf\u00e9r\u00e9es et stock\u00e9es dans une destination situ\u00e9e en dehors de l\u2019Union europ\u00e9enne. Elles peuvent \u00e9galement \u00eatre trait\u00e9es par du personnel op\u00e9rant en dehors de l\u2019Union europ\u00e9enne et travaillant pour le PAD ou ses fournisseurs. Les destinations concern\u00e9es ont toutefois toutes \u00e9t\u00e9 reconnues par la Commission europ\u00e9enne comme pr\u00e9sentant un niveau de protection des donn\u00e9es personnelles ad\u00e9quat.<\/p>\n\n\n\n<p>En soumettant vos donn\u00e9es personnelles, vous acceptez ce transfert, ce stockage ou ce traitement. Nous nous assurons que ces transfert, stockage ou traitement soient effectu\u00e9s en conformit\u00e9 avec la r\u00e9glementation en vigueur et garantissent un niveau de protection suffisant.<\/p>\n\n\n\n<h3 class=\"wp-block-heading\">6. S\u00e9curit\u00e9 de vos donn\u00e9es personnelles<\/h3>\n\n\n\n<p>6.1. Toutes les donn\u00e9es que vous nous fournissez sont stock\u00e9es sur nos serveurs s\u00e9curis\u00e9s.<\/p>\n\n\n\n<p>6.2. Lorsque nous vous avons donn\u00e9 (ou si vous avez choisi) un mot de passe qui vous permet d&rsquo;acc\u00e9der \u00e0 certaines parties de notre site, vous \u00eates responsable de la confidentialit\u00e9 de ce mot de passe. Vous vous engagez \u00e0 ne communiquer votre mot de passe \u00e0 personne.<\/p>\n\n\n\n<p>6.3. Afin d&#8217;emp\u00eacher, dans la mesure du possible, l&rsquo;acc\u00e8s non autoris\u00e9 ou la divulgation de vos donn\u00e9es, nous avons mis en place des mesures de s\u00e9curit\u00e9 techniques appropri\u00e9es pour prot\u00e9ger et s\u00e9curiser vos donn\u00e9es personnelles.<\/p>\n\n\n\n<h3 class=\"wp-block-heading\">7. Cookies et technologies semblables<\/h3>\n\n\n\n<p>L&rsquo;acc\u00e8s au site Web va cr\u00e9er un \u00ab\u00a0cookie\u00a0\u00bb. Un cookie est une petite quantit\u00e9 de donn\u00e9es qui est transf\u00e9r\u00e9e \u00e0 votre navigateur par un serveur Web.<\/p>\n\n\n\n<p>Les cookies peuvent \u00eatre utilis\u00e9s pour vous reconna\u00eetre et faciliter votre acc\u00e8s au site Web sans que vous ayez \u00e0 indiquer \u00e0 nouveau vos pr\u00e9f\u00e9rences. Les cookies peuvent \u00e9galement \u00eatre utilis\u00e9s pour se souvenir de vos activit\u00e9s et faciliter la navigation ainsi que pour suivre vos visites sur ce site.<\/p>\n\n\n\n<p>PAD utilise des outils de mesure et d&rsquo;analyse pour recueillir des informations sur les visiteurs des sites PAD en utilisant des cookies, des donn\u00e9es de fichiers et du code int\u00e9gr\u00e9 sur le site Web. Ce type d&rsquo;information est utilis\u00e9 pour aider \u00e0 am\u00e9liorer les services.<\/p>\n\n\n\n<p>Vous pouvez d\u00e9cider de bloquer certains ou tous les cookies, ou supprimer les cookies d\u00e9j\u00e0 d\u00e9finis. Vous devez \u00eatre conscients que vous risquez de perdre certaines fonctions du site Web. Si vous utilisez le site Web de PAD sans modifier vos param\u00e8tres, nous supposons que vous acceptez de recevoir les cookies sur le site Web de PAD.<\/p>\n\n\n\n<h3 class=\"wp-block-heading\">8. Liens vers des sites internet autres<\/h3>\n\n\n\n<p>Si le site internet de PAD comprend des liens vers d\u2019autres sites internet ou si nous vous adressons une offre commerciale comprenant un lien vers le site internet d\u2019un de nos partenaires, et que vous suivez l\u2019un de ces liens, veuillez noter que ces sites internet ont leur propre politique de confidentialit\u00e9. En cons\u00e9quence, nous d\u00e9clinons toute responsabilit\u00e9 quant \u00e0 la collecte ou le traitement par ces sites de vos donn\u00e9es personnelles. Nous vous invitons \u00e0 prendre connaissance des politiques de confidentialit\u00e9 de ces sites avant de leur transmettre toute donn\u00e9e personnelle.<\/p>\n\n\n\n<h3 class=\"wp-block-heading\">9. Vos droits<\/h3>\n\n\n\n<p>9.1. Vous disposez d\u2019un droit d\u2019acc\u00e8s \u00e0 vos donn\u00e9es personnelles collect\u00e9es par le PAD qui vous permet de demander au responsable du traitement de vous transmettre une copie de ces donn\u00e9es (\u00ab droit d\u2019acc\u00e8s \u00bb).<\/p>\n\n\n\n<p>9.2. Vous disposez du droit de demander au responsable du traitement la rectification de ces donn\u00e9es (\u00ab droit de rectification \u00bb).<\/p>\n\n\n\n<p>9.3. Vous disposez du droit de demander au responsable du traitement l\u2019effacement de ces donn\u00e9es (\u00ab droit \u00e0 l\u2019oubli \u00bb) dans les hypoth\u00e8ses suivantes :<\/p>\n\n\n\n<ul class=\"wp-block-list\"><li>Les donn\u00e9es personnelles ne sont plus n\u00e9cessaires au regard des finalit\u00e9s pour lesquelles elles ont \u00e9t\u00e9 collect\u00e9es ou trait\u00e9es ;<\/li><li>Vous retirez votre consentement sur lequel est fond\u00e9 le traitement et qu\u2019il n\u2019existe pas d\u2019autre fondement juridique au traitement ;<\/li><li>Vous vous opposez au traitement de vos donn\u00e9es \u00e0 des fins de marketing direct ou aux traitements r\u00e9alis\u00e9s sur le fondement de notre int\u00e9r\u00eat l\u00e9gitime, \u00e0 moins qu\u2019il soit \u00e9tabli qu\u2019il existe des motifs l\u00e9gitimes et imp\u00e9rieux pour le traitement qui pr\u00e9valent sur vos int\u00e9r\u00eats et vos droits et libert\u00e9s ;<\/li><li>Les donn\u00e9es personnelles ont fait l\u2019objet d\u2019un traitement illicite ;<\/li><li>Lorsque une obligation l\u00e9gale impose que les donn\u00e9es personnelles soient effac\u00e9es.<\/li><\/ul>\n\n\n\n<p>Vous ne disposez toutefois plus de ce droit \u00e0 l\u2019effacement, d\u00e8s lors que le traitement ou le stockage des donn\u00e9es personnelles est n\u00e9cessaire :<\/p>\n\n\n\n<ul class=\"wp-block-list\"><li>A l\u2019exercice du droit \u00e0 la libert\u00e9 d\u2019expression et d\u2019information ;<\/li><li>Pour respecter une obligation l\u00e9gale auquel le responsable du traitement est soumis ;<\/li><li>A la constatation, l\u2019exercice ou la d\u00e9fense de droits en justice.<\/li><\/ul>\n\n\n\n<p>9.4. Vous disposez du droit de demander une limitation du traitement qui est fait de vos donn\u00e9es, dans les hypoth\u00e8ses suivantes :<\/p>\n\n\n\n<ul class=\"wp-block-list\"><li>si vous contestez l\u2019exactitude de vos donn\u00e9es, pendant une dur\u00e9e permettant au responsable du traitement de v\u00e9rifier l\u2019exactitude des donn\u00e9es \u00e0 caract\u00e8re personnel ;<\/li><li>en cas de traitement illicite de notre part, si vous exigez une limitation du traitement de vos donn\u00e9es plut\u00f4t que leur effacement ;<\/li><li>lorsque nous n\u2019avons plus besoin de vos donn\u00e9es aux fins de traitement mais qu\u2019elles vous sont encore n\u00e9cessaires pour la constatation, l\u2019exercice ou la d\u00e9fense de droits en justice ;<\/li><li>lorsque vous vous \u00eates oppos\u00e9 au traitement, pendant la dur\u00e9e de v\u00e9rification portant sur le point de savoir si les motifs l\u00e9gitimes poursuivis par PAD pr\u00e9valent sur les v\u00f4tres.<\/li><\/ul>\n\n\n\n<p>9.5. Vous disposez du droit de vous opposer \u00e0 tout moment pour des raisons tenant \u00e0 votre situation particuli\u00e8re, au traitement de vos donn\u00e9es personnelles \u00e0 des fins de marketing ou aux traitements r\u00e9alis\u00e9s sur le fondement de notre int\u00e9r\u00eat l\u00e9gitime, sans que ce droit ne porte atteinte \u00e0 la lic\u00e9it\u00e9 des traitements r\u00e9alis\u00e9s avant votre opposition (\u00ab droit d\u2019opposition \u00bb).<\/p>\n\n\n\n<p>9.6. Sous r\u00e9serve des limitations l\u00e9gales en vigueur, vous disposez du droit \u00e0 recevoir les donn\u00e9es personnelles vous concernant dans un format structur\u00e9, couramment utilis\u00e9 et lisible par la machine et de les transmettre \u00e0 un autre responsable du traitement (\u00ab droit \u00e0 la portabilit\u00e9 \u00bb).<\/p>\n\n\n\n<p>9.7. Vous disposez du droit d\u2019introduire une r\u00e9clamation aupr\u00e8s de l\u2019autorit\u00e9 de contr\u00f4le comp\u00e9tente.<\/p>\n\n\n\n<h3 class=\"wp-block-heading\">10. Contact<\/h3>\n\n\n\n<p>Pour toute question et demandes sp\u00e9cifiques sur notre Politique de Confidentialit\u00e9, merci de nous \u00e9crire par mail \u00e0 l\u2019adresse suivante : <a href=\"mailto:paris@padesignart.com\">paris@padesignart.com<\/a><\/p>","protected":false},"excerpt":{"rendered":"<p>Notre politique de confidentialit\u00e9 d\u00e9finit les conditions dans lesquelles nous traitons les donn\u00e9es personnelles que nous collectons aupr\u00e8s de vous ou que vous nous fournissez.<\/p>\n","protected":false},"author":1,"featured_media":0,"parent":19799,"menu_order":3,"comment_status":"closed","ping_status":"closed","template":"","meta":{"_acf_changed":false,"footnotes":""},"class_list":["post-16130","page","type-page","status-publish","hentry"],"acf":{"padFair":false},"aioseo_notices":[],"_links":{"self":[{"href":"https:\/\/www.padesignart.com\/fr\/wp-json\/wp\/v2\/pages\/16130","targetHints":{"allow":["GET"]}}],"collection":[{"href":"https:\/\/www.padesignart.com\/fr\/wp-json\/wp\/v2\/pages"}],"about":[{"href":"https:\/\/www.padesignart.com\/fr\/wp-json\/wp\/v2\/types\/page"}],"author":[{"embeddable":true,"href":"https:\/\/www.padesignart.com\/fr\/wp-json\/wp\/v2\/users\/1"}],"replies":[{"embeddable":true,"href":"https:\/\/www.padesignart.com\/fr\/wp-json\/wp\/v2\/comments?post=16130"}],"version-history":[{"count":5,"href":"https:\/\/www.padesignart.com\/fr\/wp-json\/wp\/v2\/pages\/16130\/revisions"}],"predecessor-version":[{"id":22353,"href":"https:\/\/www.padesignart.com\/fr\/wp-json\/wp\/v2\/pages\/16130\/revisions\/22353"}],"up":[{"embeddable":true,"href":"https:\/\/www.padesignart.com\/fr\/wp-json\/wp\/v2\/pages\/19799"}],"wp:attachment":[{"href":"https:\/\/www.padesignart.com\/fr\/wp-json\/wp\/v2\/media?parent=16130"}],"curies":[{"name":"wp","href":"https:\/\/api.w.org\/{rel}","templated":true}]}}